{"id":803,"date":"2022-10-12T12:15:54","date_gmt":"2022-10-12T10:15:54","guid":{"rendered":"https:\/\/www.casabordesini.it\/privacy-policy\/"},"modified":"2025-01-07T12:55:36","modified_gmt":"2025-01-07T11:55:36","slug":"privacy-policy","status":"publish","type":"page","link":"https:\/\/www.casabordesini.it\/en\/privacy-policy\/","title":{"rendered":"Privacy Policy"},"content":{"rendered":"<h2 class=\"text-center\">INFORMATIVA SUL TRATTAMENTO DEI DATI PERSONALI AI SENSI DEGLI ARTT. 12 E 13 DEL REGOLAMENTO UE N. 2016\/679<\/h2>\n<p><strong>Preambolo<\/strong><br \/>\nIl Regolamento UE n. 2016\/679 (di seguito anche GDPR) ed il D. Lgs. 196\/2003 e s.m.i. (Codice Privacy), stabiliscono norme relative alla protezione delle persone fisiche con riguardo al trattamento dei dati personali, nonch\u00e9 norme relative alla libera circolazione degli stessi. Al fine di proteggere i diritti e le libert\u00e0 fondamentali delle persone fisiche, la normativa in materia di privacy impone ai titolari del trattamento l\u2019obbligo di fornire agli interessati le informazioni riguardanti il trattamento dei dati personali raccolti online e offline tramite vari canali.<\/p>\n<hr \/>\n<p><strong>1) Titolare del Trattamento<\/strong><br \/>\nTitolare del trattamento \u00e8 Bordesini Sas di Elisa Vannuccini, con sede legale sita in Via G. Marconi n. 10, 12064 La Morra (CN), Italia, cod. fisc. e partita IVA: 04059320046.<\/p>\n<p><strong>2) Dati personali trattati<\/strong><br \/>\nIl Titolare del Trattamento La informa che, ai fini della presente informativa, per dato personale si intende qualsiasi informazione riguardante la Sua persona, idonea ad identificarla direttamente e\/o indirettamente, come:<br \/>\n&#8211; Dati anagrafici: nome, cognome, data di nascita, indirizzo di residenza;<br \/>\n&#8211; Dati di contatto: indirizzo, numero di telefono, email;<br \/>\n&#8211; Dati di pagamento: numero di carta di credito, intestatario;<br \/>\n&#8211; Dati sull\u2019utilizzo del sito web <a href=\"https:\/\/www.casabordesini.it\/en\/\">www.casabordesini.it<\/a>, incluse le informazioni raccolte tramite cookie, la cui informativa \u00e8 consultabile al seguente link (<a href=\"https:\/\/casabordesini.it\/cookie-policy\/\">cookie policy<\/a>).<br \/>\nIl Titolare del Trattamento non tratter\u00e0 dati particolari. Nel caso in cui si rendesse necessario, il Titolare del trattamento provveder\u00e0 a trattarli in modo conforme alla normativa vigente.<\/p>\n<p>I Suoi dati verranno raccolti tramite la richiesta di prenotazioni ad eventi inviate tramite il sito, i suoi acquisti online, l\u2019iscrizione alla newsletter, la richiesta di informazioni inviate ai contatti del Titolare del Trattamento.<\/p>\n<p><strong>3) Finalit\u00e0 del trattamento e base giuridica<\/strong><br \/>\nI Suoi dati, come sopra descritti, saranno oggetto di trattamento da parte del Titolare del Trattamento per le seguenti finalit\u00e0:<br \/>\na) Evadere le richieste di prenotazione ed eseguire gli accordi contrattuali.<br \/>\nAl fine di evadere le richieste di prenotazione inviati tramite il sito web, garantire il corretto adempimento di obblighi di legge, dare riscontro a richieste di informazioni, fornire assistenza, verranno trattati i Suoi dati anagrafici, dati di contatto, di pagamento e di acquisto.<br \/>\nIl trattamento dei dati \u00e8 necessario per eseguire misure precontrattuali e\/o il contratto in cui l\u2019interessato \u00e8 parte (art. 6, par. 1, lett. b), GDPR). Il conferimento dei dati \u00e8 obbligatorio, il mancato conferimento degli stessi comporta l\u2019impossibilit\u00e0 di evadere la sua prenotazione.<\/p>\n<p>b) Dare riscontro alle richieste inviate ai contatti del Titolare.<br \/>\nI dati di contatto potranno essere trattati per dare riscontro alle richieste inviate ai contatti del Titolare presenti sul sito web<a href=\"https:\/\/www.casabordesini.it\/en\/\"> www.casabordesini.it<\/a>.<br \/>\nIl trattamento dei dati \u00e8 necessario per eseguire misure precontrattuali e\/o il contratto in cui l\u2019interessato \u00e8 parte (art. 6, par. 1, lett. b), GDPR). Il conferimento dei dati \u00e8 obbligatorio, il mancato conferimento degli stessi comporta l\u2019impossibilit\u00e0 di dare riscontro alla sua richiesta.<\/p>\n<p>c) Rispondere a richieste delle autorit\u00e0 competenti, assolvere a richieste giuridicamente vincolanti.<br \/>\nI Suoi dati potranno essere trattati per rispondere a richieste delle autorit\u00e0 competenti, assolvere a richieste giuridicamente vincolanti.<br \/>\nLa base giuridica di tale trattamento \u00e8 la necessit\u00e0 di adempiere ad un obbligo di legge (art. 6, par. 1, lett. c), GDPR). Il Titolare del Trattamento utilizzer\u00e0 i dati gi\u00e0 raccolti per il perseguimento di altre finalit\u00e0 qualora siano ritenute compatibili con la presente.<\/p>\n<p>d) Tutela dei diritti.<br \/>\nI suoi dati potranno essere trattati per la tutela dei diritti Sua o del Titolare del Trattamento, o per agire in giudizio.<br \/>\nIl presupposto di tale trattamento \u00e8 la persecuzione di un legittimo interesse del Titolare del Trattamento alla tutela dei propri diritti (art. 6, par. 1, lett. f), GDPR). Per il raggiungimento di tale fine, non verr\u00e0 richiesto il conferimento di ulteriori dati, il Titolare del Trattamento utilizzer\u00e0 i dati gi\u00e0 raccolti per altre finalit\u00e0 ritenute compatibili con la presente.<\/p>\n<p><strong>4) Destinatari dei dati raccolti.<\/strong><br \/>\nI Suoi dati personali verranno trattati dal Titolare del Trattamento per le finalit\u00e0 sopra descritte, per il tramite di soggetti che hanno accesso ai Suoi dati per adempiere ai loro compiti lavorativi. Tali soggetti sono stati specificatamente autorizzati con lettera d\u2019incarico.<\/p>\n<p>Nell\u2019esercizio delle proprie attivit\u00e0 il Titolare del trattamento si avvale di soggetti e\/o categorie di soggetti esterni, i quali trattano i dati in qualit\u00e0 di titolari autonomi o responsabili del trattamento (in quest\u2019ultimo caso, regolarmente nominati dal Titolare del Trattamento). I Suoi dati personali potranno pertanto essere comunicati a titolo esemplificativo ma non esaustivo a: consulenti e fornitori esterni, banche ed istituti di credito, amministrazioni pubbliche, forze di polizia, ecc.<\/p>\n<p>In nessun caso i suoi dati verranno ceduti a soggetti terzi. L\u2019elenco dei responsabili del trattamento pu\u00f2 essere richiesto al titolare del trattamento con le modalit\u00e0 previste dal successivo p.to 7.<\/p>\n<p><strong>5) Trasferimento dei dati verso paesi terzi.<\/strong><br \/>\nIl Titolare nel trattare i dati raccolti per le finalit\u00e0 sopra descritte, non effettua trasferimenti verso Paesi Terzi.<\/p>\n<p><strong>6) Periodo di conservazione dei dati.<\/strong><br \/>\nLe segnaliamo che, ai sensi dell\u2019art. 5 del GDPR, nel rispetto dei principi di liceit\u00e0, limitazione delle finalit\u00e0 e della conservazione e minimizzazione dei dati, i dati raccolti per le finalit\u00e0 di cui ai punti a), b), c), d), saranno trattati secondo legge e per il tempo necessario a svolgere le attivit\u00e0 di cui alle finalit\u00e0 sopra riportate, e successivamente conservati per il tempo necessario imposto dagli obblighi di legge.<\/p>\n<p><strong>7) Diritti dell\u2019interessato.<\/strong><br \/>\nL\u2019interessato, in riferimento al trattamento dei propri dati, pu\u00f2 esercitare nei confronti del Titolare del Trattamento i seguenti diritti:<\/p>\n<p><span style=\"text-decoration: underline;\">&#8211; Diritto di Accesso e di Rettifica<\/span><br \/>\nAi sensi dell\u2019art. 15 del GDPR, nella Sua qualit\u00e0 di Interessato Lei ha il diritto di ottenere dal Titolare la conferma dell&#8217;esistenza o meno di un trattamento di dati personali che la riguardano, di ottenere l\u2019accesso agli stessi e a tutte le informazioni di cui al medesimo art. 15, paragrafo 1, lettere da (a) a (h), mediante rilascio di copia dei dati oggetto di trattamento in formato strutturato, di uso comune, leggibile da dispositivo automatico e interoperabile.<br \/>\nAi sensi dell\u2019art. 16 del GDPR, nella Sua qualit\u00e0 di Interessato Lei ha il diritto di ottenere dal Titolare la rettifica e\/o l\u2019integrazione dei dati oggetto di trattamento qualora siano non aggiornati e\/o inesatti e\/o incompleti.<\/p>\n<p><span style=\"text-decoration: underline;\">&#8211; Diritto di cancellazione e Diritto di Limitazione<\/span><br \/>\nAi sensi dell\u2019art. 17 del GDPR, nella Sua qualit\u00e0 di Interessato Lei ha il diritto di ottenere, senza ingiustificato ritardo, dal Titolare, esclusivamente nelle ipotesi di cui all\u2019art. 17, paragrafo 1, lettere da (a) a (f), del GDPR, la cancellazione dei dati che la riguardano &#8211; con l\u2019eccezione delle ipotesi specificamente previste dall\u2019art. 17 paragrafo 3.<br \/>\nAi sensi dell\u2019art. 18 paragrafo 1, lettere da (a) a (d), del GDPR, nella Sua qualit\u00e0 di Interessato Lei ha il diritto di richiedere ed ottenere dal Titolare, la limitazione del trattamento dei Suoi dati personali, ovvero che tali dati non siano sottoposti a ulteriori trattamenti e non possano pi\u00f9 essere modificati. Il Titolare assicura che la limitazione del trattamento venga attuata mediante dispositivi tecnici adeguati che ne garantiscano l\u2019inaccessibilit\u00e0 e l\u2019immodificabilit\u00e0.<\/p>\n<p><span style=\"text-decoration: underline;\">&#8211; Diritto alla Portabilit\u00e0<\/span><br \/>\nAi sensi dell\u2019art. 20 del GDPR, nella Sua qualit\u00e0 di Interessato Lei ha il diritto di ricevere dal Titolare i dati personali che lo riguardano, il cui trattamento sia effettuato con mezzi automatizzati, in un formato strutturato, di uso comune e leggibile da dispositivo automatico, ed ha altres\u00ec il diritto di trasmettere tali dati ad un altro titolare del trattamento, ovvero di ottenere dal Titolare, ove tecnicamente fattibile, la trasmissione diretta di tali dati ad un altro Titolare del trattamento specificatamente individuato.<\/p>\n<p><span style=\"text-decoration: underline;\">&#8211; Diritto di Opposizione<\/span><br \/>\nAi sensi dell\u2019art. 21 del GDPR, nella Sua qualit\u00e0 di Interessato Lei ha il diritto di opporsi in qualsiasi momento al trattamento dei dati personali che la riguardano, per motivi connessi alla sua situazione particolare, nei casi in cui il trattamento dei Suoi dati sia necessario (1) per l\u2019esecuzione di un compito di interesse pubblico e\/o connesso all\u2019esercizio di pubblici poteri di cui \u00e8 investito il Titolare; (2) per il perseguimento di un legittimo interesse del Titolare o di un terzo; (3) per l\u2019attivit\u00e0 di profilazione, qualora eseguite dal il Titolare, sulla base dei punti precedenti. Lei ha inoltre il diritto di opporsi al trattamento dei Suoi dati personali per motivi connessi alla sua situazione particolare qualora gli stessi siano trattati a fini di ricerca scientifica o storica o a fini statistici a norma dell\u2019articolo 89, paragrafo 1 del GDPR, salvo il caso in cui il trattamento sia necessario per l\u2019esecuzione di un compito di interesse pubblico.<\/p>\n<p><span style=\"text-decoration: underline;\">&#8211; Revoca del consenso<\/span><br \/>\nQualora il trattamento dei dati sia basato sul consenso dell\u2019interessato, egli potr\u00e0 in qualsiasi momento revocarlo. Il trattamento effettuato nel periodo precedente alla revoca dello stesso \u00e8 da ritenersi effettuato legittimamente.<\/p>\n<p><span style=\"text-decoration: underline;\">&#8211; Diritto di reclamo<\/span><br \/>\nAi sensi dell\u2019art. 77 GDPR, nella Sua qualit\u00e0 di Interessato Lei ha la facolt\u00e0 di proporre reclamo a un\u2019autorit\u00e0 di controllo secondo le modalit\u00e0 indicate nell\u2019articolo medesimo.<\/p>\n<p>I diritti sopra elencati mediante richiesta da inviare all\u2019indirizzo della sede legale o scrivendo al seguente indirizzo mail <a href=\"mailto:info@casabordesini.it\">info@casabordesini.it<\/a>.<br \/>\nSi provveder\u00e0 a confermare la ricezione della Sua richiesta e a fornirLe le informazioni relative alla comunicazione pervenutaci entro 1 (uno) mese dal ricevimento della richiesta stessa. Se necessario, e tenuto conto della complessit\u00e0 e del numero delle richieste, si potr\u00e0 prorogare tale termine di 2 (due) mesi, previa comunicazione motivata da trasmettersi entro 1 (uno) mese dal ricevimento della richiesta.<br \/>\nSi provveder\u00e0 a comunicare l\u2019eventuale rettifica, cancellazione, limitazione opposizione a tutti i destinatari, come individuati dall\u2019art. 4, paragrafo 1, n. 9 del GDPR, a cui tali dati sono stati trasmessi, salvo che ci\u00f2 si riveli impossibile e\/o implichi uno sforzo sproporzionato.<br \/>\nA seguito dell\u2019invio della Sua richiesta di rettifica, cancellazione, limitazione opposizione, qualora il Titolare nutra ragionevoli dubbi circa la Sua identit\u00e0 provveder\u00e0 a richiederle ulteriori informazioni per confermarla. Tali comunicazioni saranno inviate a mezzo email.<br \/>\nNel caso in cui il Titolare non ottemperi alla Sua richiesta entro il termine di 1 (uno) mese dal ricevimento della richiesta, quest\u2019ultimo La informer\u00e0 dei motivi dell\u2019inottemperanza, informandoLa sin d\u2019ora della Sua facolt\u00e0 di proporre reclamo all\u2019Autorit\u00e0 di Controllo (Garante per la protezione dei dati personali), come specificato ai sensi dell\u2019art. 13, paragrafo 2, lettera (d) e disciplinato dagli articoli 77 e ss. del GDPR.<\/p>\n<p><strong>8) Processo decisionale automatizzato<\/strong><br \/>\nIl Titolare La informa che, ai fini del trattamento dei Suoi dati personali, non si avvale di processi decisionali automatizzati, ovvero quelli diretti ad assumere decisioni basate unicamente su mezzi tecnologici in base a criteri predeterminati (ossia senza il coinvolgimento umano).<\/p>\n","protected":false},"excerpt":{"rendered":"<p>INFORMATIVA SUL TRATTAMENTO DEI DATI PERSONALI AI SENSI DEGLI ARTT. 12 E 13 DEL REGOLAMENTO UE N. 2016\/679 Preambolo Il Regolamento UE n. 2016\/679 (di seguito anche GDPR) ed il D. Lgs. 196\/2003 e s.m.i. (Codice Privacy), stabiliscono norme relative alla protezione delle persone fisiche con riguardo al trattamento dei dati personali, nonch\u00e9 norme relative [&hellip;]<\/p>\n","protected":false},"author":1,"featured_media":0,"parent":0,"menu_order":1,"comment_status":"closed","ping_status":"open","template":"","meta":{"_acf_changed":false,"footnotes":""},"class_list":["post-803","page","type-page","status-publish","hentry"],"acf":[],"yoast_head":"<!-- This site is optimized with the Yoast SEO plugin v24.3 - https:\/\/yoast.com\/wordpress\/plugins\/seo\/ -->\n<title>Privacy Policy - Casa Bordesini<\/title>\n<meta name=\"robots\" content=\"index, follow, max-snippet:-1, max-image-preview:large, max-video-preview:-1\" \/>\n<link rel=\"canonical\" href=\"https:\/\/www.casabordesini.it\/privacy-policy\/\" \/>\n<meta property=\"og:locale\" content=\"en_US\" \/>\n<meta property=\"og:type\" content=\"article\" \/>\n<meta property=\"og:title\" content=\"Privacy Policy - Casa Bordesini\" \/>\n<meta property=\"og:description\" content=\"INFORMATIVA SUL TRATTAMENTO DEI DATI PERSONALI AI SENSI DEGLI ARTT. 12 E 13 DEL REGOLAMENTO UE N. 2016\/679 Preambolo Il Regolamento UE n. 2016\/679 (di seguito anche GDPR) ed il D. Lgs. 196\/2003 e s.m.i. (Codice Privacy), stabiliscono norme relative alla protezione delle persone fisiche con riguardo al trattamento dei dati personali, nonch\u00e9 norme relative [&hellip;]\" \/>\n<meta property=\"og:url\" content=\"https:\/\/www.casabordesini.it\/privacy-policy\/\" \/>\n<meta property=\"og:site_name\" content=\"Casa Bordesini\" \/>\n<meta property=\"article:publisher\" content=\"https:\/\/www.facebook.com\/people\/Casa-Bordesini\/61561764445030\/\" \/>\n<meta property=\"article:modified_time\" content=\"2025-01-07T11:55:36+00:00\" \/>\n<meta property=\"og:image\" content=\"https:\/\/www.casabordesini.it\/wp-content\/uploads\/casa-bordesini.jpg\" \/>\n\t<meta property=\"og:image:width\" content=\"1200\" \/>\n\t<meta property=\"og:image:height\" content=\"675\" \/>\n\t<meta property=\"og:image:type\" content=\"image\/jpeg\" \/>\n<meta name=\"twitter:card\" content=\"summary_large_image\" \/>\n<meta name=\"twitter:label1\" content=\"Est. reading time\" \/>\n\t<meta name=\"twitter:data1\" content=\"10 minutes\" \/>\n<script type=\"application\/ld+json\" class=\"yoast-schema-graph\">{\"@context\":\"https:\/\/schema.org\",\"@graph\":[{\"@type\":\"WebPage\",\"@id\":\"https:\/\/www.casabordesini.it\/privacy-policy\/\",\"url\":\"https:\/\/www.casabordesini.it\/privacy-policy\/\",\"name\":\"Privacy Policy - Casa Bordesini\",\"isPartOf\":{\"@id\":\"https:\/\/www.casabordesini.it\/#website\"},\"datePublished\":\"2022-10-12T10:15:54+00:00\",\"dateModified\":\"2025-01-07T11:55:36+00:00\",\"breadcrumb\":{\"@id\":\"https:\/\/www.casabordesini.it\/privacy-policy\/#breadcrumb\"},\"inLanguage\":\"en-US\",\"potentialAction\":[{\"@type\":\"ReadAction\",\"target\":[\"https:\/\/www.casabordesini.it\/privacy-policy\/\"]}]},{\"@type\":\"BreadcrumbList\",\"@id\":\"https:\/\/www.casabordesini.it\/privacy-policy\/#breadcrumb\",\"itemListElement\":[{\"@type\":\"ListItem\",\"position\":1,\"name\":\"Home\",\"item\":\"https:\/\/www.casabordesini.it\/en\/casa-bordesini\/\"},{\"@type\":\"ListItem\",\"position\":2,\"name\":\"Privacy Policy\"}]},{\"@type\":\"WebSite\",\"@id\":\"https:\/\/www.casabordesini.it\/#website\",\"url\":\"https:\/\/www.casabordesini.it\/\",\"name\":\"Casa Bordesini\",\"description\":\"Holiday Apartments in La Morra\",\"publisher\":{\"@id\":\"https:\/\/www.casabordesini.it\/#organization\"},\"alternateName\":\"Casa Bordesini\",\"potentialAction\":[{\"@type\":\"SearchAction\",\"target\":{\"@type\":\"EntryPoint\",\"urlTemplate\":\"https:\/\/www.casabordesini.it\/?s={search_term_string}\"},\"query-input\":{\"@type\":\"PropertyValueSpecification\",\"valueRequired\":true,\"valueName\":\"search_term_string\"}}],\"inLanguage\":\"en-US\"},{\"@type\":\"Organization\",\"@id\":\"https:\/\/www.casabordesini.it\/#organization\",\"name\":\"Casa Bordesini\",\"alternateName\":\"Casa Bordesini\",\"url\":\"https:\/\/www.casabordesini.it\/\",\"logo\":{\"@type\":\"ImageObject\",\"inLanguage\":\"en-US\",\"@id\":\"https:\/\/www.casabordesini.it\/#\/schema\/logo\/image\/\",\"url\":\"https:\/\/www.casabordesini.it\/wp-content\/uploads\/casa-bordesini-logo.jpg\",\"contentUrl\":\"https:\/\/www.casabordesini.it\/wp-content\/uploads\/casa-bordesini-logo.jpg\",\"width\":696,\"height\":696,\"caption\":\"Casa Bordesini\"},\"image\":{\"@id\":\"https:\/\/www.casabordesini.it\/#\/schema\/logo\/image\/\"},\"sameAs\":[\"https:\/\/www.facebook.com\/people\/Casa-Bordesini\/61561764445030\/\",\"https:\/\/www.instagram.com\/casa_bordesini\/\"]}]}<\/script>\n<!-- \/ Yoast SEO plugin. -->","yoast_head_json":{"title":"Privacy Policy - Casa Bordesini","robots":{"index":"index","follow":"follow","max-snippet":"max-snippet:-1","max-image-preview":"max-image-preview:large","max-video-preview":"max-video-preview:-1"},"canonical":"https:\/\/www.casabordesini.it\/privacy-policy\/","og_locale":"en_US","og_type":"article","og_title":"Privacy Policy - Casa Bordesini","og_description":"INFORMATIVA SUL TRATTAMENTO DEI DATI PERSONALI AI SENSI DEGLI ARTT. 12 E 13 DEL REGOLAMENTO UE N. 2016\/679 Preambolo Il Regolamento UE n. 2016\/679 (di seguito anche GDPR) ed il D. Lgs. 196\/2003 e s.m.i. (Codice Privacy), stabiliscono norme relative alla protezione delle persone fisiche con riguardo al trattamento dei dati personali, nonch\u00e9 norme relative [&hellip;]","og_url":"https:\/\/www.casabordesini.it\/privacy-policy\/","og_site_name":"Casa Bordesini","article_publisher":"https:\/\/www.facebook.com\/people\/Casa-Bordesini\/61561764445030\/","article_modified_time":"2025-01-07T11:55:36+00:00","og_image":[{"width":1200,"height":675,"url":"https:\/\/www.casabordesini.it\/wp-content\/uploads\/casa-bordesini.jpg","type":"image\/jpeg"}],"twitter_card":"summary_large_image","twitter_misc":{"Est. reading time":"10 minutes"},"schema":{"@context":"https:\/\/schema.org","@graph":[{"@type":"WebPage","@id":"https:\/\/www.casabordesini.it\/privacy-policy\/","url":"https:\/\/www.casabordesini.it\/privacy-policy\/","name":"Privacy Policy - Casa Bordesini","isPartOf":{"@id":"https:\/\/www.casabordesini.it\/#website"},"datePublished":"2022-10-12T10:15:54+00:00","dateModified":"2025-01-07T11:55:36+00:00","breadcrumb":{"@id":"https:\/\/www.casabordesini.it\/privacy-policy\/#breadcrumb"},"inLanguage":"en-US","potentialAction":[{"@type":"ReadAction","target":["https:\/\/www.casabordesini.it\/privacy-policy\/"]}]},{"@type":"BreadcrumbList","@id":"https:\/\/www.casabordesini.it\/privacy-policy\/#breadcrumb","itemListElement":[{"@type":"ListItem","position":1,"name":"Home","item":"https:\/\/www.casabordesini.it\/en\/casa-bordesini\/"},{"@type":"ListItem","position":2,"name":"Privacy Policy"}]},{"@type":"WebSite","@id":"https:\/\/www.casabordesini.it\/#website","url":"https:\/\/www.casabordesini.it\/","name":"Casa Bordesini","description":"Holiday Apartments in La Morra","publisher":{"@id":"https:\/\/www.casabordesini.it\/#organization"},"alternateName":"Casa Bordesini","potentialAction":[{"@type":"SearchAction","target":{"@type":"EntryPoint","urlTemplate":"https:\/\/www.casabordesini.it\/?s={search_term_string}"},"query-input":{"@type":"PropertyValueSpecification","valueRequired":true,"valueName":"search_term_string"}}],"inLanguage":"en-US"},{"@type":"Organization","@id":"https:\/\/www.casabordesini.it\/#organization","name":"Casa Bordesini","alternateName":"Casa Bordesini","url":"https:\/\/www.casabordesini.it\/","logo":{"@type":"ImageObject","inLanguage":"en-US","@id":"https:\/\/www.casabordesini.it\/#\/schema\/logo\/image\/","url":"https:\/\/www.casabordesini.it\/wp-content\/uploads\/casa-bordesini-logo.jpg","contentUrl":"https:\/\/www.casabordesini.it\/wp-content\/uploads\/casa-bordesini-logo.jpg","width":696,"height":696,"caption":"Casa Bordesini"},"image":{"@id":"https:\/\/www.casabordesini.it\/#\/schema\/logo\/image\/"},"sameAs":["https:\/\/www.facebook.com\/people\/Casa-Bordesini\/61561764445030\/","https:\/\/www.instagram.com\/casa_bordesini\/"]}]}},"_links":{"self":[{"href":"https:\/\/www.casabordesini.it\/en\/wp-json\/wp\/v2\/pages\/803","targetHints":{"allow":["GET"]}}],"collection":[{"href":"https:\/\/www.casabordesini.it\/en\/wp-json\/wp\/v2\/pages"}],"about":[{"href":"https:\/\/www.casabordesini.it\/en\/wp-json\/wp\/v2\/types\/page"}],"author":[{"embeddable":true,"href":"https:\/\/www.casabordesini.it\/en\/wp-json\/wp\/v2\/users\/1"}],"replies":[{"embeddable":true,"href":"https:\/\/www.casabordesini.it\/en\/wp-json\/wp\/v2\/comments?post=803"}],"version-history":[{"count":1,"href":"https:\/\/www.casabordesini.it\/en\/wp-json\/wp\/v2\/pages\/803\/revisions"}],"predecessor-version":[{"id":804,"href":"https:\/\/www.casabordesini.it\/en\/wp-json\/wp\/v2\/pages\/803\/revisions\/804"}],"wp:attachment":[{"href":"https:\/\/www.casabordesini.it\/en\/wp-json\/wp\/v2\/media?parent=803"}],"curies":[{"name":"wp","href":"https:\/\/api.w.org\/{rel}","templated":true}]}}