{"id":805,"date":"2022-10-12T12:15:54","date_gmt":"2022-10-12T10:15:54","guid":{"rendered":"https:\/\/www.casabordesini.it\/cookie-policy\/"},"modified":"2025-01-07T12:55:51","modified_gmt":"2025-01-07T11:55:51","slug":"cookie-policy","status":"publish","type":"page","link":"https:\/\/www.casabordesini.it\/en\/cookie-policy\/","title":{"rendered":"Cookie Policy"},"content":{"rendered":"<h2 class=\"h3 text-center\">Informativa Cookies<\/h2>\n<p>La presente informativa \u00e8 resa, con riferimento al sito <a href=\"https:\/\/www.casabordesini.it\/en\/\">www.casabordesini.it<\/a>, da <strong>Bordesini Sas di Elisa Vannuccini<\/strong>, con sede legale in Via G. Marconi, 10 12064 La Morra (CN), P.Iva e codice fiscale: 04059320046.<\/p>\n<h4>Che cosa sono i cookie e a cosa servono<\/h4>\n<p>Un cookie \u00e8 un file di testo che un sito web visitato dall\u2019utente invia al suo terminale (computer, dispositivo mobile quale smartphone o tablet), dove viene memorizzato per essere poi ritrasmesso a tale sito in occasione di una visita successiva al sito medesimo.<\/p>\n<p>I cookie vengono tra loro distinti:<\/p>\n<ul>\n<li>in base al soggetto che li installa, a seconda che si tratti dello stesso gestore del sito visitato (c.d. \u201ccookie di prima parte\u201d) ovvero di un soggetto diverso (c.d. \u201ccookie di terza parte\u201d)<\/li>\n<li>in base alla finalit\u00e0 di ciascun cookie: alcuni cookie permettono una migliore navigazione, memorizzando alcune scelte dell\u2019utente, ad esempio la lingua (c.d. \u201ccookie tecnici\u201d), altri cookie consentono di monitorare la navigazione dell\u2019utente anche allo scopo di inviare pubblicit\u00e0 e\/od offrire servizi in linea con sue preferenze (c.d. \u201ccookie di profilazione\u201d).<\/li>\n<\/ul>\n<p>Il Sito si avvale di cookie tecnici di prima parte, per la cui installazione non \u00e8 richiesto alcun consenso da parte dell\u2019utente, nonch\u00e9 di cookie di terza parte che, invece, richiedono il consenso al loro utilizzo (descritti nella sezione 2 \u201cTabella di gestione personalizzata dei cookie installati per il tramite del Sito\u201d sotto riportata).<\/p>\n<p>Bordesini Sas di Elisa Vannuccini \u00e8 responsabile, nella sua qualit\u00e0 di titolare del trattamento, esclusivamente dei cookie di prima parte dalla stessa installati sul Sito.<\/p>\n<h4>1. Modalit\u00e0 per manifestare il consenso ai cookie<\/h4>\n<p><strong>1.1.<\/strong> In occasione della prima visita al Sito, Lei pu\u00f2 accettare tutti i cookie cliccando sul tasto \u201cAccetta tutto\u201d, oppure rifiutare tutti i cookie cliccando sul tasto \u201cRifiuta tutto\u201d o sulla &#8220;x&#8221; presenti nel banner stesso.<\/p>\n<p><strong>1.2.<\/strong> In occasione della prima visita al Sito, se Lei non compie nessuna delle azioni descritte nel banner ma, dal banner, accede alla presente informativa estesa, Lei pu\u00f2 interagire con i singoli checkbox di consenso presenti nell&#8217;informativa estesa dove \u00e8 possibile prestare e\/o negare il consenso, a seconda dei casi, all&#8217;installazione dei cookie utilizzando l\u2019apposita tabella di gestione dei cookie sotto riportata. Attenzione: se Lei non interagisce con i checkbox di consenso ed esce dall\u2019informativa estesa, chiudendo la pagina nella quale l\u2019informativa \u00e8 contenuta o proseguendo la navigazione nel Sito, presta il consenso ai soli cookie tecnici.<\/p>\n<p><strong>1.3.<\/strong> In occasione di successive visite al Sito (a condizione che Lei abbia precedentemente manifestato la propria preferenza circa l\u2019utilizzo dei cookie, come indicato ai punti 1.1 e 1.2 che precedono), Lei pu\u00f2 accedere all&#8217;informativa estesa attraverso il link \u201cCookie Policy\u201d, presente in ogni pagina del Sito e negare il consenso ai cookie di terza parte cliccando sui \u201ccheckbox di consenso\u201d riportati (ove disponibile), per ciascuna categoria di cookie, nella sezione 2 \u201cTabella di gestione personalizzata dei cookie installati per il tramite del Sito\u201d che segue.<\/p>\n<p><strong>1.4.<\/strong> In ogni caso, attraverso le impostazioni del browser. La procedura da seguire per configurare tali impostazioni \u00e8 la seguente:<\/p>\n<ul>\n<li><strong>Internet Explorer<\/strong><br \/>\nModifica impostazioni Cookie<br \/>\nClicchi sull\u2019icona \u201cStrumenti\u201d, \u201cOpzioni Internet\u201d, quindi il tab \u201cPrivacy\u201d. Lei pu\u00f2 regolare la policy di accettazione dei cookie portando su o gi\u00f9 lo slider relativo o cliccare sul pulsante \u201cSiti\u201d e nella finestra che appare autorizzare o bloccare l\u2019accettazione dei cookie sito per Sito. Clicchi \u201cOK\u201d per applicare le modifiche.<br \/>\nCancellazione Cookie<br \/>\nSelezioni \u201cStrumenti\u201d, \u201cOpzioni Internet\u201d, quindi \u201cElimina\u201d dal riquadro \u201cCronologia esplorazioni\u201d. Trover\u00e0 una serie di voci tra cui Cookie. Verifichi che sia attivato il segno di spunta in corrispondenza del suo nome e prema \u201cElimina\u201d.<br \/>\n<a href=\"http:\/\/windows.microsoft.com\/it-it\/internet-explorer\/delete-manage-cookies#ie=ie-11\" target=\"_blank\" rel=\"noopener noreferrer\">http:\/\/windows.microsoft.com\/it-it\/internet-explorer\/delete-manage-cookies#ie=ie-11<\/a><\/li>\n<li><strong>Google Chrome<\/strong><br \/>\nModifica impostazioni Cookie<br \/>\nDigiti chrome:\/\/settings\/ nella barra degli indirizzi quindi selezioni su \u201cMostra impostazioni avanzate\u201d nella parte inferiore della pagina e, successivamente, su \u201cImpostazioni contenuti\u201d della sezione \u201cPrivacy\u201d e poi su \u201cConsenti il salvataggio dei dati in locale (consigliata)\u201d, quindi \u201cFine\u201d.<br \/>\nCancellazione Cookie<br \/>\nDigiti chrome:\/\/history\/ nella barra degli indirizzi e quindi selezioni \u201cCancella dati di navigazione\u2026\u201d. Trover\u00e0 una serie di voci tra cui \u201cCookie e altri dati di siti e plugin\u201d. Verifichi che sia attivato il segno di spunta in corrispondenza del suo nome e prema \u201cCancella dati di navigazione\u201d.<br \/>\nLe consigliamo comunque di verificare sempre la guida aggiornata cliccando qui: <a href=\"https:\/\/support.google.com\/accounts\/answer\/61416?hl=it\" target=\"_blank\" rel=\"noopener noreferrer\">https:\/\/support.google.com\/accounts\/answer\/61416? hl=it<\/a><\/li>\n<li><strong>Mozilla Firefox<\/strong><br \/>\nModifica impostazioni Cookie<br \/>\nAcceda alle opzioni tramite l\u2019icona del menu, quindi seleziona la sezione \u201cPrivacy\u201d. Alla voce cronologia scelga: \u201cutilizza impostazioni personalizzate\u201d quindi regoli la gestione dei cookie attraverso le opzioni messe a disposizione dal programma. Clicchi \u201cOK\u201d per applicare le modifiche<br \/>\nCancellazione Cookie<br \/>\nAcceda alle opzioni tramite l\u2019icona del menu, quindi selezioni la sezione \u201cPrivacy\u201d. Alla voce cronologia scelga: \u201cutilizza impostazioni personalizzate\u201d quindi clicchi sulla voce \u201cMostra i cookie\u201d. Verr\u00e0 visualizzata la finestra Cookie: Nel campo \u201cCerca\u201d digiti il nome del sito di cui vuole rimuovere i cookie. Apparir\u00e0 un elenco che riporta i cookie relativi alla ricerca effettuata. Nell\u2019elenco, selezioni i cookie da rimuovere e faccia clic sul pulsante \u201cRimuovi Selezionato\u201d. Per eliminare tutti i cookie memorizzati sul Suo computer pu\u00f2 utilizzare il pulsante \u201cRimuovi tutti i cookie\u201d.<br \/>\nLe consigliamo comunque di verificare sempre la guida aggiornata cliccando qui: <a href=\"https:\/\/support.mozilla.org\/it\/kb\/Attivare%20e%20disattivare%20i%20cookie\" target=\"_blank\" rel=\"noopener noreferrer\">https:\/\/support.mozilla.org\/it\/kb\/Attivare%20e%20disattivare%20i%20cookie<\/a><\/li>\n<li><strong>Safari<\/strong><br \/>\nModifica impostazioni Cookie<br \/>\nClicchi sulla voce \u201cPreferenze\u201d dal menu \u201cStrumenti\u201d (combinazione di tasti CTRL+) quindi selezioni la sezione \u201cPrivacy\u201d. Scelga la policy di gestione dei cookie scegliendo un\u2019opzione tra quelle proposte dal programma quindi chiuda la finestra delle opzioni dall\u2019icona di chiusura in alto a destra.<br \/>\nCancellazione Cookie<br \/>\nClicchi sulla voce \u201cPreferenze\u201d dal menu \u201cStrumenti\u201d (combinazione di tasti CTRL+) quindi selezioni la sezione \u201cPrivacy\u201d. Clicchi su \u201cRimuovi tutti i dati del sito web\u201d e quindi confermi la scelta. Scelga la policy di gestione dei cookie scegliendo un\u2019opzione tra quelle proposte dal programma e quindi chiuda la finestra delle opzioni dall\u2019icona di chiusura in alto a destra.<br \/>\nLe consigliamo comunque di verificare sempre la guida aggiornata cliccando su <a href=\"https:\/\/support.apple.com\/kb\/PH19214?viewlocale=it_IT&amp;locale=en_US\" target=\"_blank\" rel=\"noopener noreferrer\">https:\/\/support.apple.com\/kb\/PH19214?viewlocale=it_IT&amp;locale=en_US<\/a><br \/>\nIn caso di dispositivi quali smartphone, tablet, ecc, Le chiediamo di verificare che ciascun browser su ogni dispositivo sia regolato per esprimere le Sue preferenze relative ai cookies.<\/li>\n<\/ul>\n<p>In caso di dispositivi quali smartphone, tablet, ecc, Le chiediamo di verificare che ciascun browser su ogni dispositivo sia regolato per esprimere le Sue preferenze relative ai cookies.<br \/>\nPer i cookie di pubblicit\u00e0 comportamentale Lei pu\u00f2 anche impostare le Sue preferenze attraverso il sito www.youronlinechoices.com\/it (il sistema opera con riferimento alle societ\u00e0 aderenti che utilizzano cookie per pubblicit\u00e0 comportamentale).<\/p>\n<h4>2. Tabella di gestione personalizzata dei cookie installati per il tramite del Sito<\/h4>\n<div class=\"table-responsive\" style=\"overflow: auto; border: 0;\">\n<script type=\"text\/javascript\" charset=\"UTF-8\"  data-cookiescriptreport=\"report\" src=\"\/\/report.cookie-script.com\/r\/034228470ea14612d047818962a042a4.js\"><\/script>\n<\/div>\n<p>&nbsp;<\/p>\n<p>Informazioni fornite da Bordesini Sas di Elisa Vannuccini ai sensi dell\u2019art. 13 del Codice della Privacy<\/p>\n<p>Bordesini Sas di Elisa Vannuccini, in qualit\u00e0 di titolare del trattamento, con riferimento ai cookie installati direttamente dal Sito, precisa quanto segue:<\/p>\n<ul>\n<li>i dati sono raccolti solo per le finalit\u00e0 e per la durata indicate nella tabella che precede e sono trattati con modalit\u00e0 informatiche;<\/li>\n<li>l\u2019utilizzo dei cookie tecnici non richiede il consenso preventivo dell\u2019utente poich\u00e9 si tratta di cookie necessari a consentire la navigazione all\u2019interno del Sito e il corretto funzionamento del Sito medesimo. In caso di rimozione dei cookie tecnici attraverso le impostazioni del browser, la navigazione all\u2019interno del Sito potrebbe non essere, in tutto o in parte, possibile;<\/li>\n<li>i dati raccolti dai cookie di prima parte potranno essere comunicati a soggetti che agiscono per conto di Bordesini Sas di Elisa Vannuccini in qualit\u00e0 di responsabili o incaricati del trattamento, per finalit\u00e0 connesse a quelle sopra descritte. Rispetto tali dati, Le ricordiamo che pu\u00f2 esercitare i diritti di cui all\u2019art. 7 del Codice della Privacy, come meglio descritti nella Informativa sul trattamento dei dati personali disponibile selezionando il link \u201cInformativa Privacy\u201d presente in calce a ciascuna pagina del Sito oppure cliccando qui.<\/li>\n<li>Con riferimento ai cookie di terze parti, le finalit\u00e0 di tali cookie, le logiche sottese ai relativi trattamenti nonch\u00e9 la gestione delle preferenze dell\u2019utente rispetto ai cookie medesimi non sono determinate e\/o verificate da Bordesini Sas di Elisa Vannuccini, bens\u00ec dal soggetto terzo che li fornisce in qualit\u00e0 di fornitore e titolare del trattamento, come indicato nella tabella sopra riportata. Tuttavia, indipendentemente dal fatto che Bordesini Sas di Elisa Vannuccini ritenga che l\u2019utente abbia validamente espresso il proprio consenso all\u2019installazione dei cookie, anche di terzi, Bordesini Sas di Elisa Vannuccini si impegna a fornire supporto all\u2019utente che faccia richiesta di conoscere le modalit\u00e0 per esercitare il proprio consenso\/diniego selettivo ovvero per cancellare i cookie dal proprio browser.<\/li>\n<\/ul>\n","protected":false},"excerpt":{"rendered":"<p>Informativa Cookies La presente informativa \u00e8 resa, con riferimento al sito www.casabordesini.it, da Bordesini Sas di Elisa Vannuccini, con sede legale in Via G. Marconi, 10 12064 La Morra (CN), P.Iva e codice fiscale: 04059320046. Che cosa sono i cookie e a cosa servono Un cookie \u00e8 un file di testo che un sito web [&hellip;]<\/p>\n","protected":false},"author":1,"featured_media":0,"parent":0,"menu_order":2,"comment_status":"closed","ping_status":"open","template":"","meta":{"_acf_changed":false,"footnotes":""},"class_list":["post-805","page","type-page","status-publish","hentry"],"acf":[],"yoast_head":"<!-- This site is optimized with the Yoast SEO plugin v24.3 - https:\/\/yoast.com\/wordpress\/plugins\/seo\/ -->\n<title>Cookie Policy - Casa Bordesini<\/title>\n<meta name=\"robots\" content=\"index, follow, max-snippet:-1, max-image-preview:large, max-video-preview:-1\" \/>\n<link rel=\"canonical\" href=\"https:\/\/www.casabordesini.it\/cookie-policy\/\" \/>\n<meta property=\"og:locale\" content=\"en_US\" \/>\n<meta property=\"og:type\" content=\"article\" \/>\n<meta property=\"og:title\" content=\"Cookie Policy - Casa Bordesini\" \/>\n<meta property=\"og:description\" content=\"Informativa Cookies La presente informativa \u00e8 resa, con riferimento al sito www.casabordesini.it, da Bordesini Sas di Elisa Vannuccini, con sede legale in Via G. Marconi, 10 12064 La Morra (CN), P.Iva e codice fiscale: 04059320046. Che cosa sono i cookie e a cosa servono Un cookie \u00e8 un file di testo che un sito web [&hellip;]\" \/>\n<meta property=\"og:url\" content=\"https:\/\/www.casabordesini.it\/cookie-policy\/\" \/>\n<meta property=\"og:site_name\" content=\"Casa Bordesini\" \/>\n<meta property=\"article:publisher\" content=\"https:\/\/www.facebook.com\/people\/Casa-Bordesini\/61561764445030\/\" \/>\n<meta property=\"article:modified_time\" content=\"2025-01-07T11:55:51+00:00\" \/>\n<meta property=\"og:image\" content=\"https:\/\/www.casabordesini.it\/wp-content\/uploads\/casa-bordesini.jpg\" \/>\n\t<meta property=\"og:image:width\" content=\"1200\" \/>\n\t<meta property=\"og:image:height\" content=\"675\" \/>\n\t<meta property=\"og:image:type\" content=\"image\/jpeg\" \/>\n<meta name=\"twitter:card\" content=\"summary_large_image\" \/>\n<meta name=\"twitter:label1\" content=\"Est. reading time\" \/>\n\t<meta name=\"twitter:data1\" content=\"8 minutes\" \/>\n<script type=\"application\/ld+json\" class=\"yoast-schema-graph\">{\"@context\":\"https:\/\/schema.org\",\"@graph\":[{\"@type\":\"WebPage\",\"@id\":\"https:\/\/www.casabordesini.it\/cookie-policy\/\",\"url\":\"https:\/\/www.casabordesini.it\/cookie-policy\/\",\"name\":\"Cookie Policy - Casa Bordesini\",\"isPartOf\":{\"@id\":\"https:\/\/www.casabordesini.it\/#website\"},\"datePublished\":\"2022-10-12T10:15:54+00:00\",\"dateModified\":\"2025-01-07T11:55:51+00:00\",\"breadcrumb\":{\"@id\":\"https:\/\/www.casabordesini.it\/cookie-policy\/#breadcrumb\"},\"inLanguage\":\"en-US\",\"potentialAction\":[{\"@type\":\"ReadAction\",\"target\":[\"https:\/\/www.casabordesini.it\/cookie-policy\/\"]}]},{\"@type\":\"BreadcrumbList\",\"@id\":\"https:\/\/www.casabordesini.it\/cookie-policy\/#breadcrumb\",\"itemListElement\":[{\"@type\":\"ListItem\",\"position\":1,\"name\":\"Home\",\"item\":\"https:\/\/www.casabordesini.it\/en\/casa-bordesini\/\"},{\"@type\":\"ListItem\",\"position\":2,\"name\":\"Cookie Policy\"}]},{\"@type\":\"WebSite\",\"@id\":\"https:\/\/www.casabordesini.it\/#website\",\"url\":\"https:\/\/www.casabordesini.it\/\",\"name\":\"Casa Bordesini\",\"description\":\"Holiday Apartments in La Morra\",\"publisher\":{\"@id\":\"https:\/\/www.casabordesini.it\/#organization\"},\"alternateName\":\"Casa Bordesini\",\"potentialAction\":[{\"@type\":\"SearchAction\",\"target\":{\"@type\":\"EntryPoint\",\"urlTemplate\":\"https:\/\/www.casabordesini.it\/?s={search_term_string}\"},\"query-input\":{\"@type\":\"PropertyValueSpecification\",\"valueRequired\":true,\"valueName\":\"search_term_string\"}}],\"inLanguage\":\"en-US\"},{\"@type\":\"Organization\",\"@id\":\"https:\/\/www.casabordesini.it\/#organization\",\"name\":\"Casa Bordesini\",\"alternateName\":\"Casa Bordesini\",\"url\":\"https:\/\/www.casabordesini.it\/\",\"logo\":{\"@type\":\"ImageObject\",\"inLanguage\":\"en-US\",\"@id\":\"https:\/\/www.casabordesini.it\/#\/schema\/logo\/image\/\",\"url\":\"https:\/\/www.casabordesini.it\/wp-content\/uploads\/casa-bordesini-logo.jpg\",\"contentUrl\":\"https:\/\/www.casabordesini.it\/wp-content\/uploads\/casa-bordesini-logo.jpg\",\"width\":696,\"height\":696,\"caption\":\"Casa Bordesini\"},\"image\":{\"@id\":\"https:\/\/www.casabordesini.it\/#\/schema\/logo\/image\/\"},\"sameAs\":[\"https:\/\/www.facebook.com\/people\/Casa-Bordesini\/61561764445030\/\",\"https:\/\/www.instagram.com\/casa_bordesini\/\"]}]}<\/script>\n<!-- \/ Yoast SEO plugin. -->","yoast_head_json":{"title":"Cookie Policy - Casa Bordesini","robots":{"index":"index","follow":"follow","max-snippet":"max-snippet:-1","max-image-preview":"max-image-preview:large","max-video-preview":"max-video-preview:-1"},"canonical":"https:\/\/www.casabordesini.it\/cookie-policy\/","og_locale":"en_US","og_type":"article","og_title":"Cookie Policy - Casa Bordesini","og_description":"Informativa Cookies La presente informativa \u00e8 resa, con riferimento al sito www.casabordesini.it, da Bordesini Sas di Elisa Vannuccini, con sede legale in Via G. Marconi, 10 12064 La Morra (CN), P.Iva e codice fiscale: 04059320046. Che cosa sono i cookie e a cosa servono Un cookie \u00e8 un file di testo che un sito web [&hellip;]","og_url":"https:\/\/www.casabordesini.it\/cookie-policy\/","og_site_name":"Casa Bordesini","article_publisher":"https:\/\/www.facebook.com\/people\/Casa-Bordesini\/61561764445030\/","article_modified_time":"2025-01-07T11:55:51+00:00","og_image":[{"width":1200,"height":675,"url":"https:\/\/www.casabordesini.it\/wp-content\/uploads\/casa-bordesini.jpg","type":"image\/jpeg"}],"twitter_card":"summary_large_image","twitter_misc":{"Est. reading time":"8 minutes"},"schema":{"@context":"https:\/\/schema.org","@graph":[{"@type":"WebPage","@id":"https:\/\/www.casabordesini.it\/cookie-policy\/","url":"https:\/\/www.casabordesini.it\/cookie-policy\/","name":"Cookie Policy - Casa Bordesini","isPartOf":{"@id":"https:\/\/www.casabordesini.it\/#website"},"datePublished":"2022-10-12T10:15:54+00:00","dateModified":"2025-01-07T11:55:51+00:00","breadcrumb":{"@id":"https:\/\/www.casabordesini.it\/cookie-policy\/#breadcrumb"},"inLanguage":"en-US","potentialAction":[{"@type":"ReadAction","target":["https:\/\/www.casabordesini.it\/cookie-policy\/"]}]},{"@type":"BreadcrumbList","@id":"https:\/\/www.casabordesini.it\/cookie-policy\/#breadcrumb","itemListElement":[{"@type":"ListItem","position":1,"name":"Home","item":"https:\/\/www.casabordesini.it\/en\/casa-bordesini\/"},{"@type":"ListItem","position":2,"name":"Cookie Policy"}]},{"@type":"WebSite","@id":"https:\/\/www.casabordesini.it\/#website","url":"https:\/\/www.casabordesini.it\/","name":"Casa Bordesini","description":"Holiday Apartments in La Morra","publisher":{"@id":"https:\/\/www.casabordesini.it\/#organization"},"alternateName":"Casa Bordesini","potentialAction":[{"@type":"SearchAction","target":{"@type":"EntryPoint","urlTemplate":"https:\/\/www.casabordesini.it\/?s={search_term_string}"},"query-input":{"@type":"PropertyValueSpecification","valueRequired":true,"valueName":"search_term_string"}}],"inLanguage":"en-US"},{"@type":"Organization","@id":"https:\/\/www.casabordesini.it\/#organization","name":"Casa Bordesini","alternateName":"Casa Bordesini","url":"https:\/\/www.casabordesini.it\/","logo":{"@type":"ImageObject","inLanguage":"en-US","@id":"https:\/\/www.casabordesini.it\/#\/schema\/logo\/image\/","url":"https:\/\/www.casabordesini.it\/wp-content\/uploads\/casa-bordesini-logo.jpg","contentUrl":"https:\/\/www.casabordesini.it\/wp-content\/uploads\/casa-bordesini-logo.jpg","width":696,"height":696,"caption":"Casa Bordesini"},"image":{"@id":"https:\/\/www.casabordesini.it\/#\/schema\/logo\/image\/"},"sameAs":["https:\/\/www.facebook.com\/people\/Casa-Bordesini\/61561764445030\/","https:\/\/www.instagram.com\/casa_bordesini\/"]}]}},"_links":{"self":[{"href":"https:\/\/www.casabordesini.it\/en\/wp-json\/wp\/v2\/pages\/805","targetHints":{"allow":["GET"]}}],"collection":[{"href":"https:\/\/www.casabordesini.it\/en\/wp-json\/wp\/v2\/pages"}],"about":[{"href":"https:\/\/www.casabordesini.it\/en\/wp-json\/wp\/v2\/types\/page"}],"author":[{"embeddable":true,"href":"https:\/\/www.casabordesini.it\/en\/wp-json\/wp\/v2\/users\/1"}],"replies":[{"embeddable":true,"href":"https:\/\/www.casabordesini.it\/en\/wp-json\/wp\/v2\/comments?post=805"}],"version-history":[{"count":1,"href":"https:\/\/www.casabordesini.it\/en\/wp-json\/wp\/v2\/pages\/805\/revisions"}],"predecessor-version":[{"id":806,"href":"https:\/\/www.casabordesini.it\/en\/wp-json\/wp\/v2\/pages\/805\/revisions\/806"}],"wp:attachment":[{"href":"https:\/\/www.casabordesini.it\/en\/wp-json\/wp\/v2\/media?parent=805"}],"curies":[{"name":"wp","href":"https:\/\/api.w.org\/{rel}","templated":true}]}}